{"id":452,"date":"2020-06-22T17:43:18","date_gmt":"2020-06-22T20:43:18","guid":{"rendered":"https:\/\/thegrandeal.com\/quien-somos\/"},"modified":"2020-10-02T20:28:57","modified_gmt":"2020-10-02T23:28:57","slug":"quienes-somos","status":"publish","type":"page","link":"https:\/\/thegrandeal.com\/es\/quienes-somos\/","title":{"rendered":"Quienes Somos"},"content":{"rendered":"<p>[vc_section][vc_row content_placement=&#8221;middle&#8221;][vc_column width=&#8221;1\/2&#8243;][vc_column_text el_class=&#8221;txt-justify hyphen-mobile&#8221;]<\/p>\n<h3>INTERNACIONALIZACI\u00d3N<br \/>\n<span style=\"font-weight: 300;\">DE EMPRESAS<\/span><\/h3>\n<p>Somos una organizaci\u00f3n enfocada en la internacionalizaci\u00f3n exitosa de startups, peque\u00f1as y medianas empresas en <strong>Brasil, M\u00e9xico y Estados Unidos<\/strong>, entregando soluciones de forma integral, eficiente y segura con el principal objetivo de agregar valor a nuestros <em>stakeholders<\/em>.<\/p>\n<p>Nuestro compromiso con nuestros clientes es brindar una experiencia diferenciada mediante la entrega de soluciones profesionales e inovadoras en un ecosistema internacional saludable y sostenible en el desafiante proceso de expansi\u00f3n internacional hacia un nuevo pa\u00eds.<\/p>\n<p>Nuestras soluciones se caracterizan y diferencian por minimizar riesgos, optimizar financiera y operacionalmente, ser modulares e integrales, entregadas por proveedores de servicios confiables, ahorrar tiempo y agregar valor a los <em>stakeholders<\/em> para los proyectos <em>Go To Market<\/em> y las operaciones internacionales de nuestros clientes.<\/p>\n<p>Nuestro objetivo es entregar soluciones a las dificultades de las 3 etapas de internacionalizaci\u00f3n (Adecuaci\u00f3n, Ejecuci\u00f3n y Continuidad) as\u00ed como facilitar la intermediaci\u00f3n en el exterior de los servicios BPO (<em>Business Process Outsourcing Services<\/em>) para operaciones <em>cross border<\/em> a trav\u00e9s de nuestra plataforma confiable y segura, satisfaciendo las necesidades y principales demandas de nuestros clientes a precios de mercado, calidad y entrega garantizada.[\/vc_column_text][\/vc_column][vc_column width=&#8221;1\/2&#8243;][vc_single_image image=&#8221;1382&#8243; img_size=&#8221;full&#8221; add_caption=&#8221;yes&#8221; alignment=&#8221;center&#8221; image_hovers=&#8221;false&#8221; lazy_loading=&#8221;true&#8221;][\/vc_column][\/vc_row][\/vc_section][vc_section full_width=&#8221;stretch_row&#8221; css=&#8221;.vc_custom_1592622138912{margin-top: 50px !important;}&#8221;][vc_row full_width=&#8221;stretch_row_content&#8221; equal_height=&#8221;yes&#8221; content_placement=&#8221;top&#8221; el_class=&#8221;txt-white&#8221;][vc_column width=&#8221;1\/3&#8243; css=&#8221;.vc_custom_1592621869246{padding-top: 25px !important;padding-right: 30px !important;padding-bottom: 25px !important;padding-left: 30px !important;background-color: #1e344d !important;}&#8221;]<div id=\"ultimate-heading-165069e5ab2fddc02\" class=\"uvc-heading ult-adjust-bottom-margin ultimate-heading-165069e5ab2fddc02 uvc-5824 txt-uppercase txt-white uvc-heading-default-font-sizes\" data-hspacer=\"no_spacer\"  data-halign=\"center\" style=\"text-align:center\"><div class=\"uvc-heading-spacer no_spacer\" style=\"top\"><\/div><div class=\"uvc-main-heading ult-responsive\"  data-ultimate-target='.uvc-heading.ultimate-heading-165069e5ab2fddc02 h2'  data-responsive-json-new='{\"font-size\":\"\",\"line-height\":\"\"}' ><h2 style=\"--font-weight:theme;color:#ffffff;margin-top:20px;margin-bottom:20px;\">MISI\u00d3N<\/h2><\/div><\/div>[vc_column_text el_class=&#8221;txt-justify txt-white&#8221;]Internacionalizar exitosamente startups, peque\u00f1as y medianas empresas en Brasil, M\u00e9xico y Estados Unidos entregando soluciones profesionales e inovadoras a nuestros clientes de forma integral, eficiente y segura.[\/vc_column_text][\/vc_column][vc_column width=&#8221;1\/3&#8243; css=&#8221;.vc_custom_1592621606391{padding-top: 25px !important;padding-right: 30px !important;padding-bottom: 25px !important;padding-left: 30px !important;background-color: #32465d !important;}&#8221;]<div id=\"ultimate-heading-578369e5ab2fddcd7\" class=\"uvc-heading ult-adjust-bottom-margin ultimate-heading-578369e5ab2fddcd7 uvc-2634 txt-uppercase txt-white uvc-heading-default-font-sizes\" data-hspacer=\"no_spacer\"  data-halign=\"center\" style=\"text-align:center\"><div class=\"uvc-heading-spacer no_spacer\" style=\"top\"><\/div><div class=\"uvc-main-heading ult-responsive\"  data-ultimate-target='.uvc-heading.ultimate-heading-578369e5ab2fddcd7 h2'  data-responsive-json-new='{\"font-size\":\"\",\"line-height\":\"\"}' ><h2 style=\"--font-weight:theme;color:#ffffff;margin-top:20px;margin-bottom:20px;\">VISI\u00d3N<\/h2><\/div><\/div>[vc_column_text el_class=&#8221;txt-justify txt-white&#8221;]Ser l\u00edderes en la expansi\u00f3n internacional exitosa de startups, peque\u00f1as y medianas empresas en Am\u00e9rica entregando soluciones profesionales e inovadoras a nuestros clientes de forma integral, eficiente y segura.[\/vc_column_text][\/vc_column][vc_column width=&#8221;1\/3&#8243; css=&#8221;.vc_custom_1592621578638{padding-top: 25px !important;padding-right: 30px !important;padding-bottom: 25px !important;padding-left: 30px !important;background-color: #1e344d !important;}&#8221;]<div id=\"ultimate-heading-635469e5ab2fddd3b\" class=\"uvc-heading ult-adjust-bottom-margin ultimate-heading-635469e5ab2fddd3b uvc-3881  uvc-heading-default-font-sizes\" data-hspacer=\"no_spacer\"  data-halign=\"center\" style=\"text-align:center\"><div class=\"uvc-heading-spacer no_spacer\" style=\"top\"><\/div><div class=\"uvc-main-heading ult-responsive\"  data-ultimate-target='.uvc-heading.ultimate-heading-635469e5ab2fddd3b h2'  data-responsive-json-new='{\"font-size\":\"\",\"line-height\":\"\"}' ><h2 style=\"--font-weight:theme;color:#ffffff;margin-top:20px;margin-bottom:20px;\">VALORES<\/h2><\/div><\/div>[vc_column_text el_class=&#8221;txt-white txt-uppercase&#8221;]<\/p>\n<ul>\n<li style=\"text-align: left;\">SEGURIDAD<\/li>\n<li style=\"text-align: left;\">EFICIENCIA<\/li>\n<li style=\"text-align: left;\"><em>COMPLIANCE<\/em><\/li>\n<li style=\"text-align: left;\">HONESTIDAD<\/li>\n<li style=\"text-align: left;\">CONFIDENCIALIDAD<\/li>\n<li>COMUNICACI\u00d3N<\/li>\n<li>RESILENCIA<\/li>\n<li style=\"text-align: left;\">AGREGAR VALOR<\/li>\n<li style=\"text-align: left;\">SERVICIOS PROFESIONALES<\/li>\n<li style=\"text-align: left;\">NEGOCIACIONES SATISFACTORIAS GANAR \/ GANAR<\/li>\n<li style=\"text-align: left;\"><em>CUSTOMER SUCCESS BASED SOLUTIONS<\/em><\/li>\n<li style=\"text-align: left;\"><em>HUMAN CAPITAL WELLNESS<\/em><\/li>\n<\/ul>\n<p>[\/vc_column_text][\/vc_column][\/vc_row][\/vc_section][vc_section][vc_row full_width=&#8221;stretch_row_content&#8221; css=&#8221;.vc_custom_1592625449016{padding-top: 80px !important;padding-bottom: 80px !important;}&#8221;][vc_column]<div id=\"ultimate-heading-133069e5ab2fddd85\" class=\"uvc-heading ult-adjust-bottom-margin ultimate-heading-133069e5ab2fddd85 uvc-6711  uvc-heading-default-font-sizes\" data-hspacer=\"no_spacer\"  data-halign=\"center\" style=\"text-align:center\"><div class=\"uvc-heading-spacer no_spacer\" style=\"top\"><\/div><div class=\"uvc-main-heading ult-responsive\"  data-ultimate-target='.uvc-heading.ultimate-heading-133069e5ab2fddd85 h2'  data-responsive-json-new='{\"font-size\":\"\",\"line-height\":\"\"}' ><h2 style=\"--font-weight:theme;\">CUENTE CON NOSOTROS PARA SU PROYECTO INTERNACIONAL.<\/h2><\/div><\/div>[\/vc_column][\/vc_row][vc_row content_placement=&#8221;middle&#8221; css=&#8221;.vc_custom_1592625415550{margin-top: 50px !important;}&#8221;][vc_column width=&#8221;1\/3&#8243;][vc_single_image image=&#8221;326&#8243; img_size=&#8221;full&#8221; image_hovers=&#8221;false&#8221; lazy_loading=&#8221;true&#8221;][\/vc_column][vc_column width=&#8221;2\/3&#8243;][vc_column_text el_class=&#8221;txt-justify&#8221;]CONTACTE A NUESTRO EQUIPO COMERCIAL PARA CONOCER NUESTRAS SOLUCIONES PROFESIONALES E INOVADORAS QUE FUNCIONAN DE FORMA MODULAR E INTEGRAL.<\/p>\n<p>CONOZCA NUESTROS PLANES MENSUALES Y GARANTIZE EL \u00c9XITO DE SU PROYECTO DE FORMA PROACTIVA, DIN\u00c1MICA Y CONT\u00cdNUA.[\/vc_column_text]<style type=\"text\/css\" data-type=\"the7_shortcodes-inline-css\">#default-btn-b68f20d1453793ffce9e0d2d0b35bc78.ico-right-side > i {\n  margin-right: 0px;\n  margin-left: 8px;\n}\n#default-btn-b68f20d1453793ffce9e0d2d0b35bc78 > i {\n  margin-right: 8px;\n}\n#default-btn-b68f20d1453793ffce9e0d2d0b35bc78 * {\n  vertical-align: middle;\n}\n<\/style><a href=\"https:\/\/thegrandeal.com\/es\/nuestras-soluciones\/\" class=\"default-btn-shortcode dt-btn dt-btn-m link-hover-off txt-uppercase btn-inline-left \" id=\"default-btn-b68f20d1453793ffce9e0d2d0b35bc78\" title=\"Solu\u00e7\u00f5es\"><span>CONOZCA NUESTRAS SOLUCIONES<\/span><\/a>[\/vc_column][\/vc_row][\/vc_section]<\/p>\n","protected":false},"excerpt":{"rendered":"<p>[vc_section][vc_row content_placement=&#8221;middle&#8221;][vc_column width=&#8221;1\/2&#8243;][vc_column_text el_class=&#8221;txt-justify hyphen-mobile&#8221;] INTERNACIONALIZACI\u00d3N DE EMPRESAS Somos una organizaci\u00f3n enfocada en la internacionalizaci\u00f3n exitosa de startups, peque\u00f1as y&hellip;<\/p>\n","protected":false},"author":2,"featured_media":0,"parent":0,"menu_order":0,"comment_status":"closed","ping_status":"closed","template":"","meta":{"_acf_changed":false,"_joinchat":[]},"class_list":["post-452","page","type-page","status-publish","hentry","description-off"],"acf":[],"yoast_head":"<!-- This site is optimized with the Yoast SEO plugin v27.4 - https:\/\/yoast.com\/product\/yoast-seo-wordpress\/ -->\n<title>Quienes Somos - The Grandeal<\/title>\n<meta name=\"robots\" content=\"index, follow, max-snippet:-1, max-image-preview:large, max-video-preview:-1\" \/>\n<link rel=\"canonical\" href=\"https:\/\/thegrandeal.com\/quem-somos\/\" \/>\n<meta property=\"og:locale\" content=\"es_MX\" \/>\n<meta property=\"og:type\" content=\"article\" \/>\n<meta property=\"og:title\" content=\"Quienes Somos - The Grandeal\" \/>\n<meta property=\"og:description\" content=\"[vc_section][vc_row content_placement=&#8221;middle&#8221;][vc_column width=&#8221;1\/2&#8243;][vc_column_text el_class=&#8221;txt-justify hyphen-mobile&#8221;] INTERNACIONALIZACI\u00d3N DE EMPRESAS Somos una organizaci\u00f3n enfocada en la internacionalizaci\u00f3n exitosa de startups, peque\u00f1as y&hellip;\" \/>\n<meta property=\"og:url\" content=\"https:\/\/thegrandeal.com\/quem-somos\/\" \/>\n<meta property=\"og:site_name\" content=\"The Grandeal\" \/>\n<meta property=\"article:modified_time\" content=\"2020-10-02T23:28:57+00:00\" \/>\n<meta name=\"twitter:card\" content=\"summary_large_image\" \/>\n<meta name=\"twitter:label1\" content=\"Tiempo de lectura\" \/>\n\t<meta name=\"twitter:data1\" content=\"3 minutos\" \/>\n<script type=\"application\/ld+json\" class=\"yoast-schema-graph\">{\"@context\":\"https:\\\/\\\/schema.org\",\"@graph\":[{\"@type\":\"WebPage\",\"@id\":\"https:\\\/\\\/thegrandeal.com\\\/quem-somos\\\/\",\"url\":\"https:\\\/\\\/thegrandeal.com\\\/quem-somos\\\/\",\"name\":\"Quienes Somos - The Grandeal\",\"isPartOf\":{\"@id\":\"https:\\\/\\\/thegrandeal.com\\\/#website\"},\"datePublished\":\"2020-06-22T20:43:18+00:00\",\"dateModified\":\"2020-10-02T23:28:57+00:00\",\"breadcrumb\":{\"@id\":\"https:\\\/\\\/thegrandeal.com\\\/quem-somos\\\/#breadcrumb\"},\"inLanguage\":\"es\",\"potentialAction\":[{\"@type\":\"ReadAction\",\"target\":[\"https:\\\/\\\/thegrandeal.com\\\/quem-somos\\\/\"]}]},{\"@type\":\"BreadcrumbList\",\"@id\":\"https:\\\/\\\/thegrandeal.com\\\/quem-somos\\\/#breadcrumb\",\"itemListElement\":[{\"@type\":\"ListItem\",\"position\":1,\"name\":\"In\u00edcio\",\"item\":\"https:\\\/\\\/thegrandeal.com\\\/\"},{\"@type\":\"ListItem\",\"position\":2,\"name\":\"Quienes Somos\"}]},{\"@type\":\"WebSite\",\"@id\":\"https:\\\/\\\/thegrandeal.com\\\/#website\",\"url\":\"https:\\\/\\\/thegrandeal.com\\\/\",\"name\":\"The Grandeal\",\"description\":\"Internacionaliza\u00e7\u00e3o de Empresas para o M\u00e9xico e os Estados Unidos\",\"potentialAction\":[{\"@type\":\"SearchAction\",\"target\":{\"@type\":\"EntryPoint\",\"urlTemplate\":\"https:\\\/\\\/thegrandeal.com\\\/?s={search_term_string}\"},\"query-input\":{\"@type\":\"PropertyValueSpecification\",\"valueRequired\":true,\"valueName\":\"search_term_string\"}}],\"inLanguage\":\"es\"}]}<\/script>\n<!-- \/ Yoast SEO plugin. -->","yoast_head_json":{"title":"Quienes Somos - The Grandeal","robots":{"index":"index","follow":"follow","max-snippet":"max-snippet:-1","max-image-preview":"max-image-preview:large","max-video-preview":"max-video-preview:-1"},"canonical":"https:\/\/thegrandeal.com\/quem-somos\/","og_locale":"es_MX","og_type":"article","og_title":"Quienes Somos - The Grandeal","og_description":"[vc_section][vc_row content_placement=&#8221;middle&#8221;][vc_column width=&#8221;1\/2&#8243;][vc_column_text el_class=&#8221;txt-justify hyphen-mobile&#8221;] INTERNACIONALIZACI\u00d3N DE EMPRESAS Somos una organizaci\u00f3n enfocada en la internacionalizaci\u00f3n exitosa de startups, peque\u00f1as y&hellip;","og_url":"https:\/\/thegrandeal.com\/quem-somos\/","og_site_name":"The Grandeal","article_modified_time":"2020-10-02T23:28:57+00:00","twitter_card":"summary_large_image","twitter_misc":{"Tiempo de lectura":"3 minutos"},"schema":{"@context":"https:\/\/schema.org","@graph":[{"@type":"WebPage","@id":"https:\/\/thegrandeal.com\/quem-somos\/","url":"https:\/\/thegrandeal.com\/quem-somos\/","name":"Quienes Somos - The Grandeal","isPartOf":{"@id":"https:\/\/thegrandeal.com\/#website"},"datePublished":"2020-06-22T20:43:18+00:00","dateModified":"2020-10-02T23:28:57+00:00","breadcrumb":{"@id":"https:\/\/thegrandeal.com\/quem-somos\/#breadcrumb"},"inLanguage":"es","potentialAction":[{"@type":"ReadAction","target":["https:\/\/thegrandeal.com\/quem-somos\/"]}]},{"@type":"BreadcrumbList","@id":"https:\/\/thegrandeal.com\/quem-somos\/#breadcrumb","itemListElement":[{"@type":"ListItem","position":1,"name":"In\u00edcio","item":"https:\/\/thegrandeal.com\/"},{"@type":"ListItem","position":2,"name":"Quienes Somos"}]},{"@type":"WebSite","@id":"https:\/\/thegrandeal.com\/#website","url":"https:\/\/thegrandeal.com\/","name":"The Grandeal","description":"Internacionaliza\u00e7\u00e3o de Empresas para o M\u00e9xico e os Estados Unidos","potentialAction":[{"@type":"SearchAction","target":{"@type":"EntryPoint","urlTemplate":"https:\/\/thegrandeal.com\/?s={search_term_string}"},"query-input":{"@type":"PropertyValueSpecification","valueRequired":true,"valueName":"search_term_string"}}],"inLanguage":"es"}]}},"_links":{"self":[{"href":"https:\/\/thegrandeal.com\/es\/wp-json\/wp\/v2\/pages\/452","targetHints":{"allow":["GET"]}}],"collection":[{"href":"https:\/\/thegrandeal.com\/es\/wp-json\/wp\/v2\/pages"}],"about":[{"href":"https:\/\/thegrandeal.com\/es\/wp-json\/wp\/v2\/types\/page"}],"author":[{"embeddable":true,"href":"https:\/\/thegrandeal.com\/es\/wp-json\/wp\/v2\/users\/2"}],"replies":[{"embeddable":true,"href":"https:\/\/thegrandeal.com\/es\/wp-json\/wp\/v2\/comments?post=452"}],"version-history":[{"count":0,"href":"https:\/\/thegrandeal.com\/es\/wp-json\/wp\/v2\/pages\/452\/revisions"}],"wp:attachment":[{"href":"https:\/\/thegrandeal.com\/es\/wp-json\/wp\/v2\/media?parent=452"}],"curies":[{"name":"wp","href":"https:\/\/api.w.org\/{rel}","templated":true}]}}