{"id":2265,"date":"2020-10-02T15:23:48","date_gmt":"2020-10-02T18:23:48","guid":{"rendered":"https:\/\/thegrandeal.com\/el-comienzo-del-grandeal\/"},"modified":"2020-10-03T06:11:42","modified_gmt":"2020-10-03T09:11:42","slug":"el-comienzo-del-grandeal","status":"publish","type":"page","link":"https:\/\/thegrandeal.com\/es\/el-comienzo-del-grandeal\/","title":{"rendered":"El comienzo del Grandeal"},"content":{"rendered":"<p>[vc_section][vc_row][vc_column][vc_column_text el_class=&#8221;txt-justify&#8221;]<\/p>\n<h2>Del comercio local al multinacional: el comienzo de Grandeal<\/h2>\n<p>Cada resultado requiere esfuerzo y tiempo invertido que es el precio que muchos no est\u00e1n dispuestos a pagar. Si bien el futuro parece desalentador, tenemos que afrontar los desaf\u00edos si queremos tener \u00e9xito en el proyecto. Mi paseo empieza as\u00ed. De origen migrante, mi familia iraqu\u00ed decidi\u00f3 cambiar sus vidas a Estados Unidos y M\u00e9xico despu\u00e9s de la crisis a mediados de la d\u00e9cada de 1930. Mis padres que nacieron en M\u00e9xico buscaron la soluci\u00f3n a lo que mis antepasados de Oriente Medio saben hacer mejor: emprender y negociar. Y as\u00ed comenz\u00f3, durante 25 a\u00f1os, la empresa familiar se centr\u00f3 en los productos importados de venta al por menor infantil. Fue all\u00ed, a la edad de ocho a\u00f1os y vendiendo palomitas de ma\u00edz a los clientes que visitaban nuestra tienda, que decid\u00ed que quer\u00eda ser empresario y tener mi propio negocio.<\/p>\n<p>Nac\u00ed y crec\u00ed en M\u00e9xico, soy licenciado en contabilidad y finanzas por el Instituto Tecnol\u00f3gico y de Estudios Superiores de Monterrey (ITESM). Durante mi vida profesional en M\u00e9xico pude mejorar mis habilidades y conocimientos en el mundo empresarial: ventas, contabilidad, finanzas, auditor\u00eda, administraci\u00f3n de empresas, capital humano, negocios internacionales y coaching orientado a negocios. Fue en 2017 cuando decid\u00ed cambiar por completo el curso de mi carrera y dentro de unos pocos kilos, mucha expectativa sobre el pa\u00eds que creci\u00f3 exponencialmente. En Brasil arraigar\u00e9 y estudi\u00e9 un MBA Business Management en la Fundaci\u00f3n Get\u00falio Vargas, (FGV) en la ciudad de Curitiba.<\/p>\n<h2>Los primeros pasos:<\/h2>\n<p>La idea de desarrollar un negocio siempre ha sido lo que me motiv\u00f3 en casi todas mis decisiones profesionales. Ser emprendedor no es una tarea sencilla, muchas pruebas nacen y mueren a la misma velocidad. Es necesario insistir con paciencia y persistencia para cosechar los frutos, as\u00ed como en el alpinista, un deporte que me encanta. Y as\u00ed naci\u00f3 en 2018, The Grandeal.<\/p>\n<p>La compa\u00f1\u00eda es internacional y tiene operaciones en Brasil, M\u00e9xico y Estados Unidos. El Grandeal tiene como objetivo fomentar y ofrecer soluciones para internacionalizar organizaciones con \u00e9xito y valor a\u00f1adido, para que al elegir The Grandeal, elegir la expansi\u00f3n, profesionalidad, seguridad, eficiencia, resultados, honestidad, confidencialidad y, sobre todo, cumplimiento.[\/vc_column_text][\/vc_column][\/vc_row][\/vc_section][vc_section full_width=&#8221;stretch_row&#8221; el_id=&#8221;assinatura-fuad&#8221; css=&#8221;.vc_custom_1596986875546{padding-top: 50px !important;padding-bottom: 50px !important;background-color: #1e344c !important;}&#8221;][vc_row][vc_column][vc_single_image image=&#8221;1427&#8243; img_size=&#8221;large&#8221; alignment=&#8221;center&#8221; image_hovers=&#8221;false&#8221; lazy_loading=&#8221;true&#8221;][\/vc_column][\/vc_row][\/vc_section]<\/p>\n","protected":false},"excerpt":{"rendered":"<p>[vc_section][vc_row][vc_column][vc_column_text el_class=&#8221;txt-justify&#8221;] Del comercio local al multinacional: el comienzo de Grandeal Cada resultado requiere esfuerzo y tiempo invertido que es&hellip;<\/p>\n","protected":false},"author":2,"featured_media":0,"parent":0,"menu_order":0,"comment_status":"closed","ping_status":"closed","template":"","meta":{"_acf_changed":false,"_joinchat":[]},"class_list":["post-2265","page","type-page","status-publish","hentry","description-off"],"acf":[],"yoast_head":"<!-- This site is optimized with the Yoast SEO plugin v27.4 - https:\/\/yoast.com\/product\/yoast-seo-wordpress\/ -->\n<title>El comienzo del Grandeal - The Grandeal<\/title>\n<meta name=\"robots\" content=\"index, follow, max-snippet:-1, max-image-preview:large, max-video-preview:-1\" \/>\n<link rel=\"canonical\" href=\"https:\/\/thegrandeal.com\/o-inicio-da-grandeal\/\" \/>\n<meta property=\"og:locale\" content=\"es_MX\" \/>\n<meta property=\"og:type\" content=\"article\" \/>\n<meta property=\"og:title\" content=\"El comienzo del Grandeal - The Grandeal\" \/>\n<meta property=\"og:description\" content=\"[vc_section][vc_row][vc_column][vc_column_text el_class=&#8221;txt-justify&#8221;] Del comercio local al multinacional: el comienzo de Grandeal Cada resultado requiere esfuerzo y tiempo invertido que es&hellip;\" \/>\n<meta property=\"og:url\" content=\"https:\/\/thegrandeal.com\/o-inicio-da-grandeal\/\" \/>\n<meta property=\"og:site_name\" content=\"The Grandeal\" \/>\n<meta property=\"article:modified_time\" content=\"2020-10-03T09:11:42+00:00\" \/>\n<meta name=\"twitter:card\" content=\"summary_large_image\" \/>\n<meta name=\"twitter:label1\" content=\"Tiempo de lectura\" \/>\n\t<meta name=\"twitter:data1\" content=\"2 minutos\" \/>\n<script type=\"application\/ld+json\" class=\"yoast-schema-graph\">{\"@context\":\"https:\\\/\\\/schema.org\",\"@graph\":[{\"@type\":\"WebPage\",\"@id\":\"https:\\\/\\\/thegrandeal.com\\\/o-inicio-da-grandeal\\\/\",\"url\":\"https:\\\/\\\/thegrandeal.com\\\/o-inicio-da-grandeal\\\/\",\"name\":\"El comienzo del Grandeal - The Grandeal\",\"isPartOf\":{\"@id\":\"https:\\\/\\\/thegrandeal.com\\\/#website\"},\"datePublished\":\"2020-10-02T18:23:48+00:00\",\"dateModified\":\"2020-10-03T09:11:42+00:00\",\"breadcrumb\":{\"@id\":\"https:\\\/\\\/thegrandeal.com\\\/o-inicio-da-grandeal\\\/#breadcrumb\"},\"inLanguage\":\"es\",\"potentialAction\":[{\"@type\":\"ReadAction\",\"target\":[\"https:\\\/\\\/thegrandeal.com\\\/o-inicio-da-grandeal\\\/\"]}]},{\"@type\":\"BreadcrumbList\",\"@id\":\"https:\\\/\\\/thegrandeal.com\\\/o-inicio-da-grandeal\\\/#breadcrumb\",\"itemListElement\":[{\"@type\":\"ListItem\",\"position\":1,\"name\":\"In\u00edcio\",\"item\":\"https:\\\/\\\/thegrandeal.com\\\/\"},{\"@type\":\"ListItem\",\"position\":2,\"name\":\"El comienzo del Grandeal\"}]},{\"@type\":\"WebSite\",\"@id\":\"https:\\\/\\\/thegrandeal.com\\\/#website\",\"url\":\"https:\\\/\\\/thegrandeal.com\\\/\",\"name\":\"The Grandeal\",\"description\":\"Internacionaliza\u00e7\u00e3o de Empresas para o M\u00e9xico e os Estados Unidos\",\"potentialAction\":[{\"@type\":\"SearchAction\",\"target\":{\"@type\":\"EntryPoint\",\"urlTemplate\":\"https:\\\/\\\/thegrandeal.com\\\/?s={search_term_string}\"},\"query-input\":{\"@type\":\"PropertyValueSpecification\",\"valueRequired\":true,\"valueName\":\"search_term_string\"}}],\"inLanguage\":\"es\"}]}<\/script>\n<!-- \/ Yoast SEO plugin. -->","yoast_head_json":{"title":"El comienzo del Grandeal - The Grandeal","robots":{"index":"index","follow":"follow","max-snippet":"max-snippet:-1","max-image-preview":"max-image-preview:large","max-video-preview":"max-video-preview:-1"},"canonical":"https:\/\/thegrandeal.com\/o-inicio-da-grandeal\/","og_locale":"es_MX","og_type":"article","og_title":"El comienzo del Grandeal - The Grandeal","og_description":"[vc_section][vc_row][vc_column][vc_column_text el_class=&#8221;txt-justify&#8221;] Del comercio local al multinacional: el comienzo de Grandeal Cada resultado requiere esfuerzo y tiempo invertido que es&hellip;","og_url":"https:\/\/thegrandeal.com\/o-inicio-da-grandeal\/","og_site_name":"The Grandeal","article_modified_time":"2020-10-03T09:11:42+00:00","twitter_card":"summary_large_image","twitter_misc":{"Tiempo de lectura":"2 minutos"},"schema":{"@context":"https:\/\/schema.org","@graph":[{"@type":"WebPage","@id":"https:\/\/thegrandeal.com\/o-inicio-da-grandeal\/","url":"https:\/\/thegrandeal.com\/o-inicio-da-grandeal\/","name":"El comienzo del Grandeal - The Grandeal","isPartOf":{"@id":"https:\/\/thegrandeal.com\/#website"},"datePublished":"2020-10-02T18:23:48+00:00","dateModified":"2020-10-03T09:11:42+00:00","breadcrumb":{"@id":"https:\/\/thegrandeal.com\/o-inicio-da-grandeal\/#breadcrumb"},"inLanguage":"es","potentialAction":[{"@type":"ReadAction","target":["https:\/\/thegrandeal.com\/o-inicio-da-grandeal\/"]}]},{"@type":"BreadcrumbList","@id":"https:\/\/thegrandeal.com\/o-inicio-da-grandeal\/#breadcrumb","itemListElement":[{"@type":"ListItem","position":1,"name":"In\u00edcio","item":"https:\/\/thegrandeal.com\/"},{"@type":"ListItem","position":2,"name":"El comienzo del Grandeal"}]},{"@type":"WebSite","@id":"https:\/\/thegrandeal.com\/#website","url":"https:\/\/thegrandeal.com\/","name":"The Grandeal","description":"Internacionaliza\u00e7\u00e3o de Empresas para o M\u00e9xico e os Estados Unidos","potentialAction":[{"@type":"SearchAction","target":{"@type":"EntryPoint","urlTemplate":"https:\/\/thegrandeal.com\/?s={search_term_string}"},"query-input":{"@type":"PropertyValueSpecification","valueRequired":true,"valueName":"search_term_string"}}],"inLanguage":"es"}]}},"_links":{"self":[{"href":"https:\/\/thegrandeal.com\/es\/wp-json\/wp\/v2\/pages\/2265","targetHints":{"allow":["GET"]}}],"collection":[{"href":"https:\/\/thegrandeal.com\/es\/wp-json\/wp\/v2\/pages"}],"about":[{"href":"https:\/\/thegrandeal.com\/es\/wp-json\/wp\/v2\/types\/page"}],"author":[{"embeddable":true,"href":"https:\/\/thegrandeal.com\/es\/wp-json\/wp\/v2\/users\/2"}],"replies":[{"embeddable":true,"href":"https:\/\/thegrandeal.com\/es\/wp-json\/wp\/v2\/comments?post=2265"}],"version-history":[{"count":0,"href":"https:\/\/thegrandeal.com\/es\/wp-json\/wp\/v2\/pages\/2265\/revisions"}],"wp:attachment":[{"href":"https:\/\/thegrandeal.com\/es\/wp-json\/wp\/v2\/media?parent=2265"}],"curies":[{"name":"wp","href":"https:\/\/api.w.org\/{rel}","templated":true}]}}