{"id":561,"date":"2020-06-23T18:09:21","date_gmt":"2020-06-23T21:09:21","guid":{"rendered":"https:\/\/thegrandeal.com\/who-we-are\/"},"modified":"2020-09-25T05:11:03","modified_gmt":"2020-09-25T08:11:03","slug":"about-us","status":"publish","type":"page","link":"https:\/\/thegrandeal.com\/en\/about-us\/","title":{"rendered":"About Us"},"content":{"rendered":"<p>[vc_section][vc_row content_placement=&#8221;middle&#8221;][vc_column width=&#8221;1\/2&#8243;][vc_column_text el_class=&#8221;txt-justify hyphen-mobile&#8221;]<\/p>\n<h3>INTERNATIONALIZATION<br \/>\n<span style=\"font-weight: 300;\">OF COMPANIES<\/span><\/h3>\n<p><span style=\"font-weight: 400;\">We are an organization focused in successful internationalization of companies in <span style=\"font-weight: 800;\">Brazil<\/span>, <span style=\"font-weight: 800;\">Mexico<\/span> &amp; <span style=\"font-weight: 800;\">United States<\/span>, delivering professional solutions with confidence, efficiency, results, and compliance and in adding value to our stakeholders<\/span><span style=\"font-weight: 400;\">.<\/span><\/p>\n<p><span style=\"font-weight: 400;\">Our commitment with our clients is to deliver a safe, personalized and simplified experience (softlanding) in the challenging process of international expansion into a new country.<\/span><\/p>\n<p><span style=\"font-weight: 400;\">Our solutions are characterized and differentiated by minimizing risks, optimizing financially and operationally, being personalized, saving time and adding value to stakeholders, go to market projects and the international operations of our customers.<\/span><\/p>\n<p><span style=\"font-weight: 400;\">Our objective is to deliver solutions and consulting services for the difficulties of the 3 stages of internationalization (Suitability, Execution and Continuity) as well as to facilitate the intermediated contracting abroad of BPO (Business Process Outsourcing Services) services for cross border operations through our transparent, reliable and safe platform, meeting the main demands of our customers at market value prices, quality and guaranteed delivery.<\/span>[\/vc_column_text][\/vc_column][vc_column width=&#8221;1\/2&#8243;][vc_single_image image=&#8221;1381&#8243; img_size=&#8221;full&#8221; add_caption=&#8221;yes&#8221; alignment=&#8221;center&#8221; image_hovers=&#8221;false&#8221; lazy_loading=&#8221;true&#8221;][\/vc_column][\/vc_row][\/vc_section][vc_section full_width=&#8221;stretch_row&#8221; css=&#8221;.vc_custom_1592622138912{margin-top: 50px !important;}&#8221;][vc_row full_width=&#8221;stretch_row_content&#8221; equal_height=&#8221;yes&#8221; content_placement=&#8221;top&#8221; el_class=&#8221;txt-white&#8221;][vc_column width=&#8221;1\/3&#8243; css=&#8221;.vc_custom_1592621869246{padding-top: 25px !important;padding-right: 30px !important;padding-bottom: 25px !important;padding-left: 30px !important;background-color: #1e344d !important;}&#8221;]<div id=\"ultimate-heading-194369e5ab6924f7f\" class=\"uvc-heading ult-adjust-bottom-margin ultimate-heading-194369e5ab6924f7f uvc-2968 txt-uppercase txt-white uvc-heading-default-font-sizes\" data-hspacer=\"no_spacer\"  data-halign=\"center\" style=\"text-align:center\"><div class=\"uvc-heading-spacer no_spacer\" style=\"top\"><\/div><div class=\"uvc-main-heading ult-responsive\"  data-ultimate-target='.uvc-heading.ultimate-heading-194369e5ab6924f7f h2'  data-responsive-json-new='{\"font-size\":\"\",\"line-height\":\"\"}' ><h2 style=\"--font-weight:theme;color:#ffffff;margin-top:20px;margin-bottom:20px;\">Mission<\/h2><\/div><\/div>[vc_column_text el_class=&#8221;txt-justify txt-white&#8221;]To internationalize successfully companies in Brazil, Mexico and the United States, delivering professional solutions to our clients with confidence, efficiency, results and compliance and add value to our stakeholders.[\/vc_column_text][\/vc_column][vc_column width=&#8221;1\/3&#8243; css=&#8221;.vc_custom_1592621606391{padding-top: 25px !important;padding-right: 30px !important;padding-bottom: 25px !important;padding-left: 30px !important;background-color: #32465d !important;}&#8221;]<div id=\"ultimate-heading-562369e5ab6925054\" class=\"uvc-heading ult-adjust-bottom-margin ultimate-heading-562369e5ab6925054 uvc-8960 txt-uppercase txt-white uvc-heading-default-font-sizes\" data-hspacer=\"no_spacer\"  data-halign=\"center\" style=\"text-align:center\"><div class=\"uvc-heading-spacer no_spacer\" style=\"top\"><\/div><div class=\"uvc-main-heading ult-responsive\"  data-ultimate-target='.uvc-heading.ultimate-heading-562369e5ab6925054 h2'  data-responsive-json-new='{\"font-size\":\"\",\"line-height\":\"\"}' ><h2 style=\"--font-weight:theme;color:#ffffff;margin-top:20px;margin-bottom:20px;\">Vision<\/h2><\/div><\/div>[vc_column_text el_class=&#8221;txt-justify txt-white&#8221;]Be leaders in successful international expansion of companies in America, delivering differentiated professional solutions to our clientes with confidence, efficiency, results and compliance.[\/vc_column_text][\/vc_column][vc_column width=&#8221;1\/3&#8243; css=&#8221;.vc_custom_1592621578638{padding-top: 25px !important;padding-right: 30px !important;padding-bottom: 25px !important;padding-left: 30px !important;background-color: #1e344d !important;}&#8221;]<div id=\"ultimate-heading-530769e5ab69250c1\" class=\"uvc-heading ult-adjust-bottom-margin ultimate-heading-530769e5ab69250c1 uvc-371  uvc-heading-default-font-sizes\" data-hspacer=\"no_spacer\"  data-halign=\"center\" style=\"text-align:center\"><div class=\"uvc-heading-spacer no_spacer\" style=\"top\"><\/div><div class=\"uvc-main-heading ult-responsive\"  data-ultimate-target='.uvc-heading.ultimate-heading-530769e5ab69250c1 h2'  data-responsive-json-new='{\"font-size\":\"\",\"line-height\":\"\"}' ><h2 style=\"--font-weight:theme;color:#ffffff;margin-top:20px;margin-bottom:20px;\">Values<\/h2><\/div><\/div>[vc_column_text el_class=&#8221;txt-white txt-uppercase&#8221;]<\/p>\n<ul>\n<li>Confidence<\/li>\n<li>Efficiency<\/li>\n<li>Compliance<\/li>\n<li>Honesty<\/li>\n<li>Confidentiality<\/li>\n<li>Add Value<\/li>\n<li>Personalized Professional Services<\/li>\n<li>Satisfactory Negotiations Win\/Win<\/li>\n<li>Customer Success Based Solutions<\/li>\n<li>Human Capital Wellness<\/li>\n<\/ul>\n<p>[\/vc_column_text][\/vc_column][\/vc_row][\/vc_section][vc_section][vc_row full_width=&#8221;stretch_row_content&#8221; css=&#8221;.vc_custom_1592625449016{padding-top: 80px !important;padding-bottom: 80px !important;}&#8221;][vc_column]<div id=\"ultimate-heading-85869e5ab6925119\" class=\"uvc-heading ult-adjust-bottom-margin ultimate-heading-85869e5ab6925119 uvc-2111  uvc-heading-default-font-sizes\" data-hspacer=\"no_spacer\"  data-halign=\"center\" style=\"text-align:center\"><div class=\"uvc-heading-spacer no_spacer\" style=\"top\"><\/div><div class=\"uvc-main-heading ult-responsive\"  data-ultimate-target='.uvc-heading.ultimate-heading-85869e5ab6925119 h2'  data-responsive-json-new='{\"font-size\":\"\",\"line-height\":\"\"}' ><h2 style=\"--font-weight:theme;\">COUNT WITH US FOR YOUR INTERNATIONAL PROJECT.<\/h2><\/div><\/div>[\/vc_column][\/vc_row][vc_row content_placement=&#8221;middle&#8221; css=&#8221;.vc_custom_1592625415550{margin-top: 50px !important;}&#8221;][vc_column width=&#8221;1\/3&#8243;][vc_single_image image=&#8221;325&#8243; img_size=&#8221;full&#8221; image_hovers=&#8221;false&#8221; lazy_loading=&#8221;true&#8221;][\/vc_column][vc_column width=&#8221;2\/3&#8243;][vc_column_text el_class=&#8221;txt-justify&#8221;]CONTACT OUR COMMERCIAL TEAM TO KNOW OUR PRACTICAL AND PERSONALIZED SOLUTIONS.<\/p>\n<p>KNOW OUR MONTHLY CONSULTING PLANS AND GUARANTEE THE SUCCESS OF YOUR PROJECT IN A PROACTIVE, DYNAMIC AND CONTINUOUS WAY.[\/vc_column_text]<style type=\"text\/css\" data-type=\"the7_shortcodes-inline-css\">#default-btn-6e781ad2dd802f691f65827411e16db3.ico-right-side > i {\n  margin-right: 0px;\n  margin-left: 8px;\n}\n#default-btn-6e781ad2dd802f691f65827411e16db3 > i {\n  margin-right: 8px;\n}\n#default-btn-6e781ad2dd802f691f65827411e16db3 * {\n  vertical-align: middle;\n}\n<\/style><a href=\"https:\/\/thegrandeal.com\/en\/our-solutions\/\" class=\"default-btn-shortcode dt-btn dt-btn-m link-hover-off txt-uppercase btn-inline-left \" id=\"default-btn-6e781ad2dd802f691f65827411e16db3\" title=\"Solu\u00e7\u00f5es\"><span>KNOW OUR SOLUTIONS<\/span><\/a>[\/vc_column][\/vc_row][\/vc_section]<\/p>\n","protected":false},"excerpt":{"rendered":"<p>[vc_section][vc_row content_placement=&#8221;middle&#8221;][vc_column width=&#8221;1\/2&#8243;][vc_column_text el_class=&#8221;txt-justify hyphen-mobile&#8221;] INTERNATIONALIZATION OF COMPANIES We are an organization focused in successful internationalization of companies in Brazil,&hellip;<\/p>\n","protected":false},"author":2,"featured_media":0,"parent":0,"menu_order":0,"comment_status":"closed","ping_status":"closed","template":"","meta":{"_acf_changed":false,"_joinchat":[]},"class_list":["post-561","page","type-page","status-publish","hentry","description-off"],"acf":[],"yoast_head":"<!-- This site is optimized with the Yoast SEO plugin v27.4 - https:\/\/yoast.com\/product\/yoast-seo-wordpress\/ -->\n<title>About Us - The Grandeal<\/title>\n<meta name=\"robots\" content=\"index, follow, max-snippet:-1, max-image-preview:large, max-video-preview:-1\" \/>\n<link rel=\"canonical\" href=\"https:\/\/thegrandeal.com\/quem-somos\/\" \/>\n<meta property=\"og:locale\" content=\"en_US\" \/>\n<meta property=\"og:type\" content=\"article\" \/>\n<meta property=\"og:title\" content=\"About Us - The Grandeal\" \/>\n<meta property=\"og:description\" content=\"[vc_section][vc_row content_placement=&#8221;middle&#8221;][vc_column width=&#8221;1\/2&#8243;][vc_column_text el_class=&#8221;txt-justify hyphen-mobile&#8221;] INTERNATIONALIZATION OF COMPANIES We are an organization focused in successful internationalization of companies in Brazil,&hellip;\" \/>\n<meta property=\"og:url\" content=\"https:\/\/thegrandeal.com\/quem-somos\/\" \/>\n<meta property=\"og:site_name\" content=\"The Grandeal\" \/>\n<meta property=\"article:modified_time\" content=\"2020-09-25T08:11:03+00:00\" \/>\n<meta name=\"twitter:card\" content=\"summary_large_image\" \/>\n<meta name=\"twitter:label1\" content=\"Est. reading time\" \/>\n\t<meta name=\"twitter:data1\" content=\"3 minutes\" \/>\n<script type=\"application\/ld+json\" class=\"yoast-schema-graph\">{\"@context\":\"https:\\\/\\\/schema.org\",\"@graph\":[{\"@type\":\"WebPage\",\"@id\":\"https:\\\/\\\/thegrandeal.com\\\/quem-somos\\\/\",\"url\":\"https:\\\/\\\/thegrandeal.com\\\/quem-somos\\\/\",\"name\":\"About Us - The Grandeal\",\"isPartOf\":{\"@id\":\"https:\\\/\\\/thegrandeal.com\\\/#website\"},\"datePublished\":\"2020-06-23T21:09:21+00:00\",\"dateModified\":\"2020-09-25T08:11:03+00:00\",\"breadcrumb\":{\"@id\":\"https:\\\/\\\/thegrandeal.com\\\/quem-somos\\\/#breadcrumb\"},\"inLanguage\":\"en-US\",\"potentialAction\":[{\"@type\":\"ReadAction\",\"target\":[\"https:\\\/\\\/thegrandeal.com\\\/quem-somos\\\/\"]}]},{\"@type\":\"BreadcrumbList\",\"@id\":\"https:\\\/\\\/thegrandeal.com\\\/quem-somos\\\/#breadcrumb\",\"itemListElement\":[{\"@type\":\"ListItem\",\"position\":1,\"name\":\"In\u00edcio\",\"item\":\"https:\\\/\\\/thegrandeal.com\\\/en\\\/\"},{\"@type\":\"ListItem\",\"position\":2,\"name\":\"About Us\"}]},{\"@type\":\"WebSite\",\"@id\":\"https:\\\/\\\/thegrandeal.com\\\/#website\",\"url\":\"https:\\\/\\\/thegrandeal.com\\\/\",\"name\":\"The Grandeal\",\"description\":\"Internacionaliza\u00e7\u00e3o de Empresas para o M\u00e9xico e os Estados Unidos\",\"potentialAction\":[{\"@type\":\"SearchAction\",\"target\":{\"@type\":\"EntryPoint\",\"urlTemplate\":\"https:\\\/\\\/thegrandeal.com\\\/?s={search_term_string}\"},\"query-input\":{\"@type\":\"PropertyValueSpecification\",\"valueRequired\":true,\"valueName\":\"search_term_string\"}}],\"inLanguage\":\"en-US\"}]}<\/script>\n<!-- \/ Yoast SEO plugin. -->","yoast_head_json":{"title":"About Us - The Grandeal","robots":{"index":"index","follow":"follow","max-snippet":"max-snippet:-1","max-image-preview":"max-image-preview:large","max-video-preview":"max-video-preview:-1"},"canonical":"https:\/\/thegrandeal.com\/quem-somos\/","og_locale":"en_US","og_type":"article","og_title":"About Us - The Grandeal","og_description":"[vc_section][vc_row content_placement=&#8221;middle&#8221;][vc_column width=&#8221;1\/2&#8243;][vc_column_text el_class=&#8221;txt-justify hyphen-mobile&#8221;] INTERNATIONALIZATION OF COMPANIES We are an organization focused in successful internationalization of companies in Brazil,&hellip;","og_url":"https:\/\/thegrandeal.com\/quem-somos\/","og_site_name":"The Grandeal","article_modified_time":"2020-09-25T08:11:03+00:00","twitter_card":"summary_large_image","twitter_misc":{"Est. reading time":"3 minutes"},"schema":{"@context":"https:\/\/schema.org","@graph":[{"@type":"WebPage","@id":"https:\/\/thegrandeal.com\/quem-somos\/","url":"https:\/\/thegrandeal.com\/quem-somos\/","name":"About Us - The Grandeal","isPartOf":{"@id":"https:\/\/thegrandeal.com\/#website"},"datePublished":"2020-06-23T21:09:21+00:00","dateModified":"2020-09-25T08:11:03+00:00","breadcrumb":{"@id":"https:\/\/thegrandeal.com\/quem-somos\/#breadcrumb"},"inLanguage":"en-US","potentialAction":[{"@type":"ReadAction","target":["https:\/\/thegrandeal.com\/quem-somos\/"]}]},{"@type":"BreadcrumbList","@id":"https:\/\/thegrandeal.com\/quem-somos\/#breadcrumb","itemListElement":[{"@type":"ListItem","position":1,"name":"In\u00edcio","item":"https:\/\/thegrandeal.com\/en\/"},{"@type":"ListItem","position":2,"name":"About Us"}]},{"@type":"WebSite","@id":"https:\/\/thegrandeal.com\/#website","url":"https:\/\/thegrandeal.com\/","name":"The Grandeal","description":"Internacionaliza\u00e7\u00e3o de Empresas para o M\u00e9xico e os Estados Unidos","potentialAction":[{"@type":"SearchAction","target":{"@type":"EntryPoint","urlTemplate":"https:\/\/thegrandeal.com\/?s={search_term_string}"},"query-input":{"@type":"PropertyValueSpecification","valueRequired":true,"valueName":"search_term_string"}}],"inLanguage":"en-US"}]}},"_links":{"self":[{"href":"https:\/\/thegrandeal.com\/en\/wp-json\/wp\/v2\/pages\/561","targetHints":{"allow":["GET"]}}],"collection":[{"href":"https:\/\/thegrandeal.com\/en\/wp-json\/wp\/v2\/pages"}],"about":[{"href":"https:\/\/thegrandeal.com\/en\/wp-json\/wp\/v2\/types\/page"}],"author":[{"embeddable":true,"href":"https:\/\/thegrandeal.com\/en\/wp-json\/wp\/v2\/users\/2"}],"replies":[{"embeddable":true,"href":"https:\/\/thegrandeal.com\/en\/wp-json\/wp\/v2\/comments?post=561"}],"version-history":[{"count":0,"href":"https:\/\/thegrandeal.com\/en\/wp-json\/wp\/v2\/pages\/561\/revisions"}],"wp:attachment":[{"href":"https:\/\/thegrandeal.com\/en\/wp-json\/wp\/v2\/media?parent=561"}],"curies":[{"name":"wp","href":"https:\/\/api.w.org\/{rel}","templated":true}]}}