{"id":309,"date":"2020-06-19T19:24:11","date_gmt":"2020-06-19T22:24:11","guid":{"rendered":"https:\/\/thegrandeal.com\/contact-us\/"},"modified":"2020-10-06T13:12:31","modified_gmt":"2020-10-06T16:12:31","slug":"contact-us","status":"publish","type":"page","link":"https:\/\/thegrandeal.com\/en\/contact-us\/","title":{"rendered":"Contact Us"},"content":{"rendered":"<p>[vc_section full_width=&#8221;stretch_row&#8221; el_id=&#8221;sec-form&#8221; css=&#8221;.vc_custom_1592231332156{background-image: url(https:\/\/thegrandeal.com\/wp-content\/uploads\/2020\/06\/bg-contato.jpg?id=81) !important;}&#8221;][vc_row][vc_column width=&#8221;1\/2&#8243;]<div class=\"aio-icon-component    style_1\"><a class=\"aio-icon-box-link\" href=\"https:\/\/wa.me\/528111655050\" ><div id=\"Info-box-wrap-9017\" class=\"aio-icon-box top-icon\" style=\"\"  ><div class=\"aio-icon-top\"><div class=\"ult-just-icon-wrapper  \"><div class=\"align-icon\" style=\"text-align:center;\">\n<div class=\"aio-icon advanced \"  style=\"color:#333;background:#ffffff;border-style:solid;border-color:#1e344d;border-width:1px;width:80px;height:80px;line-height:80px;border-radius:500px;font-size:40px;display:inline-block;\">\n\t<i class=\"icomoon-the7-font-whatsapp\"><\/i>\n<\/div><\/div><\/div><\/div><div class=\"aio-icon-header\" ><h4 class=\"aio-icon-title ult-responsive\"  data-ultimate-target='#Info-box-wrap-9017 .aio-icon-title'  data-responsive-json-new='{\"font-size\":\"\",\"line-height\":\"desktop:45px;tablet:45px;tablet_portrait:45px;mobile_landscape:36px;mobile:36px;\"}'  style=\"\">Whatsapp<\/h4><\/div> <!-- header --><div class=\"aio-icon-description ult-responsive\"  data-ultimate-target='#Info-box-wrap-9017 .aio-icon-description'  data-responsive-json-new='{\"font-size\":\"\",\"line-height\":\"\"}'  style=\"\"><a style=\"text-decoration: blink;\" href=\"https:\/\/wa.me\/554192822204\">Brazil +55 (41) 9282-2204 <\/a>| <a style=\"text-decoration: blink;\" href=\"https:\/\/wa.me\/528111655050\">Mexico + 52 (81) 1165-5050<\/a><\/div> <!-- description --><\/div> <!-- aio-icon-box --><\/a><\/div> <!-- aio-icon-component -->[\/vc_column][vc_column width=&#8221;1\/2&#8243;]<div class=\"aio-icon-component    style_1\"><a class=\"aio-icon-box-link\" href=\"mailto:contact@thegrandeal.com\" ><div id=\"Info-box-wrap-3163\" class=\"aio-icon-box top-icon\" style=\"\"  ><div class=\"aio-icon-top\"><div class=\"ult-just-icon-wrapper  \"><div class=\"align-icon\" style=\"text-align:center;\">\n<div class=\"aio-icon advanced \"  style=\"color:#1e344d;background:#ffffff;border-style:solid;border-color:#1e344d;border-width:1px;width:80px;height:80px;line-height:80px;border-radius:500px;font-size:40px;display:inline-block;\">\n\t<i class=\"fas fa-envelope\"><\/i>\n<\/div><\/div><\/div><\/div><div class=\"aio-icon-header\" ><h4 class=\"aio-icon-title ult-responsive\"  data-ultimate-target='#Info-box-wrap-3163 .aio-icon-title'  data-responsive-json-new='{\"font-size\":\"\",\"line-height\":\"desktop:45px;tablet:45px;tablet_portrait:45px;mobile_landscape:36px;mobile:36px;\"}'  style=\"\">Mail<\/h4><\/div> <!-- header --><div class=\"aio-icon-description ult-responsive\"  data-ultimate-target='#Info-box-wrap-3163 .aio-icon-description'  data-responsive-json-new='{\"font-size\":\"\",\"line-height\":\"\"}'  style=\"\">contact@thegrandeal.com<\/div> <!-- description --><\/div> <!-- aio-icon-box --><\/a><\/div> <!-- aio-icon-component -->[\/vc_column][\/vc_row][vc_row css=&#8221;.vc_custom_1592230427024{margin-top: 25px !important;margin-bottom: 25px !important;}&#8221;][vc_column offset=&#8221;vc_col-lg-offset-1 vc_col-lg-10&#8243; css=&#8221;.vc_custom_1592231142168{padding-top: 25px !important;padding-right: 20px !important;padding-bottom: 25px !important;padding-left: 20px !important;background-color: #f9f9f9 !important;border-radius: 10px !important;}&#8221;]<div id=\"ultimate-heading-832769e5c0a9f39bf\" class=\"uvc-heading ult-adjust-bottom-margin ultimate-heading-832769e5c0a9f39bf uvc-1104  uvc-heading-default-font-sizes\" data-hspacer=\"no_spacer\"  data-halign=\"center\" style=\"text-align:center\"><div class=\"uvc-heading-spacer no_spacer\" style=\"top\"><\/div><div class=\"uvc-main-heading ult-responsive\"  data-ultimate-target='.uvc-heading.ultimate-heading-832769e5c0a9f39bf h2'  data-responsive-json-new='{\"font-size\":\"\",\"line-height\":\"\"}' ><h2 style=\"--font-weight:theme;margin-bottom:30px;\">Contact Form<\/h2><\/div><div class=\"uvc-sub-heading ult-responsive\"  data-ultimate-target='.uvc-heading.ultimate-heading-832769e5c0a9f39bf .uvc-sub-heading '  data-responsive-json-new='{\"font-size\":\"\",\"line-height\":\"\"}'  style=\"font-weight:normal;margin-bottom:20px;\"><\/p>\n<p style=\"text-align: right;\"><em><small>Fields marked with an asterisk (*) are mandatory.<\/small><\/em><\/p>\n<p><\/div><\/div>\n<div class=\"wpcf7 no-js\" id=\"wpcf7-f558-o1\" lang=\"en-US\" dir=\"ltr\" data-wpcf7-id=\"558\">\n<div class=\"screen-reader-response\"><p role=\"status\" aria-live=\"polite\" aria-atomic=\"true\"><\/p> <ul><\/ul><\/div>\n<form action=\"\/en\/wp-json\/wp\/v2\/pages\/309#wpcf7-f558-o1\" method=\"post\" class=\"wpcf7-form init\" aria-label=\"Contact form\" novalidate=\"novalidate\" data-status=\"init\">\n<fieldset class=\"hidden-fields-container\"><input type=\"hidden\" name=\"_wpcf7\" value=\"558\" \/><input type=\"hidden\" name=\"_wpcf7_version\" value=\"6.1.5\" \/><input type=\"hidden\" name=\"_wpcf7_locale\" value=\"en_US\" \/><input type=\"hidden\" name=\"_wpcf7_unit_tag\" value=\"wpcf7-f558-o1\" \/><input type=\"hidden\" name=\"_wpcf7_container_post\" value=\"0\" \/><input type=\"hidden\" name=\"_wpcf7_posted_data_hash\" value=\"\" \/>\n<\/fieldset>\n<p><label> Name *<br \/>\n<span class=\"wpcf7-form-control-wrap\" data-name=\"nome\"><input size=\"40\" maxlength=\"400\" class=\"wpcf7-form-control wpcf7-text wpcf7-validates-as-required\" id=\"nome\" aria-required=\"true\" aria-invalid=\"false\" value=\"\" type=\"text\" name=\"nome\" \/><\/span> <\/label>\n<\/p>\n<p><label> Last Name *<br \/>\n<span class=\"wpcf7-form-control-wrap\" data-name=\"sobrenome\"><input size=\"40\" maxlength=\"400\" class=\"wpcf7-form-control wpcf7-text wpcf7-validates-as-required\" id=\"sobrenome\" aria-required=\"true\" aria-invalid=\"false\" value=\"\" type=\"text\" name=\"sobrenome\" \/><\/span> <\/label>\n<\/p>\n<p><label> E-mail *<br \/>\n<span class=\"wpcf7-form-control-wrap\" data-name=\"email\"><input size=\"40\" maxlength=\"400\" class=\"wpcf7-form-control wpcf7-email wpcf7-validates-as-required wpcf7-text wpcf7-validates-as-email\" id=\"emailfield\" aria-required=\"true\" aria-invalid=\"false\" value=\"\" type=\"email\" name=\"email\" \/><\/span> <\/label>\n<\/p>\n<p><label> Website<br \/>\n<span class=\"wpcf7-form-control-wrap\" data-name=\"website\"><input size=\"40\" maxlength=\"400\" class=\"wpcf7-form-control wpcf7-text\" id=\"website\" aria-invalid=\"false\" value=\"\" type=\"text\" name=\"website\" \/><\/span> <\/label>\n<\/p>\n<p><label> Phone *<br \/>\n<span class=\"wpcf7-form-control-wrap\" data-name=\"telefone\"><input size=\"40\" maxlength=\"400\" class=\"wpcf7-form-control wpcf7-tel wpcf7-validates-as-required wpcf7-text wpcf7-validates-as-tel\" id=\"telefone\" aria-required=\"true\" aria-invalid=\"false\" value=\"\" type=\"tel\" name=\"telefone\" \/><\/span> <\/label>\n<\/p>\n<p><label> Name of your Organization *<br \/>\n<span class=\"wpcf7-form-control-wrap\" data-name=\"empresa\"><input size=\"40\" maxlength=\"400\" class=\"wpcf7-form-control wpcf7-text wpcf7-validates-as-required\" id=\"empresa\" aria-required=\"true\" aria-invalid=\"false\" value=\"\" type=\"text\" name=\"empresa\" \/><\/span> <\/label>\n<\/p>\n<p><label> Position *<br \/>\n<span class=\"wpcf7-form-control-wrap\" data-name=\"cargo\"><select class=\"wpcf7-form-control wpcf7-select wpcf7-validates-as-required\" id=\"cargo\" aria-required=\"true\" aria-invalid=\"false\" name=\"cargo\"><option value=\"\">&#8212;Please choose an option&#8212;<\/option><option value=\"President\/ Founder \/ Partner\">President\/ Founder \/ Partner<\/option><option value=\"CEO\">CEO<\/option><option value=\"Director\">Director<\/option><option value=\"Manager \/ Coordinator \/ Supervisor\">Manager \/ Coordinator \/ Supervisor<\/option><option value=\"Executive \/ Consultant \/ Analyst\">Executive \/ Consultant \/ Analyst<\/option><option value=\"Administrative \/ Financial\">Administrative \/ Financial<\/option><option value=\"Intern \/ Trainee\">Intern \/ Trainee<\/option><\/select><\/span><\/label>\n<\/p>\n<p><label> Country *<br \/>\n<span class=\"wpcf7-form-control-wrap\" data-name=\"pais\"><input size=\"40\" maxlength=\"400\" class=\"wpcf7-form-control wpcf7-text wpcf7-validates-as-required\" id=\"pais\" aria-required=\"true\" aria-invalid=\"false\" value=\"\" type=\"text\" name=\"pais\" \/><\/span><\/label>\n<\/p>\n<p><label> State *<br \/>\n<span class=\"wpcf7-form-control-wrap\" data-name=\"estado\"><input size=\"40\" maxlength=\"400\" class=\"wpcf7-form-control wpcf7-text wpcf7-validates-as-required\" id=\"estado\" aria-required=\"true\" aria-invalid=\"false\" value=\"\" type=\"text\" name=\"estado\" \/><\/span><\/label>\n<\/p>\n<p><label> City *<br \/>\n<span class=\"wpcf7-form-control-wrap\" data-name=\"cidade\"><input size=\"40\" maxlength=\"400\" class=\"wpcf7-form-control wpcf7-text wpcf7-validates-as-required\" id=\"cidade\" aria-required=\"true\" aria-invalid=\"false\" value=\"\" type=\"text\" name=\"cidade\" \/><\/span><\/label>\n<\/p>\n<p><label> Your contact is as *<\/label><br \/>\n<span class=\"wpcf7-form-control-wrap\" data-name=\"tipoContato\"><span class=\"wpcf7-form-control wpcf7-checkbox wpcf7-validates-as-required\"><span class=\"wpcf7-list-item first\"><label><input type=\"checkbox\" name=\"tipoContato[]\" value=\"Client\" \/><span class=\"wpcf7-list-item-label\">Client<\/span><\/label><\/span><span class=\"wpcf7-list-item\"><label><input type=\"checkbox\" name=\"tipoContato[]\" value=\"Supplier\" \/><span class=\"wpcf7-list-item-label\">Supplier<\/span><\/label><\/span><span class=\"wpcf7-list-item last\"><label><input type=\"checkbox\" name=\"tipoContato[]\" value=\"Partner\" \/><span class=\"wpcf7-list-item-label\">Partner<\/span><\/label><\/span><\/span><\/span>\n<\/p>\n<p><label> Message *<br \/>\n<span class=\"wpcf7-form-control-wrap\" data-name=\"mensagem\"><textarea cols=\"40\" rows=\"10\" maxlength=\"2000\" class=\"wpcf7-form-control wpcf7-textarea wpcf7-validates-as-required\" id=\"mensagem\" aria-required=\"true\" aria-invalid=\"false\" name=\"mensagem\"><\/textarea><\/span> <\/label>\n<\/p>\n<p><label> How did you hear about Grandeal?<br \/>\n<span class=\"wpcf7-form-control-wrap\" data-name=\"fonte\"><select class=\"wpcf7-form-control wpcf7-select\" id=\"fonte\" aria-invalid=\"false\" name=\"fonte\"><option value=\"Google\">Google<\/option><option value=\"Linkedin\">Linkedin<\/option><option value=\"Facebook\">Facebook<\/option><option value=\"Instagram\">Instagram<\/option><option value=\"Twitter\">Twitter<\/option><option value=\"Youtube\">Youtube<\/option><option value=\"E-mail Marketing\">E-mail Marketing<\/option><option value=\"Partner\">Partner<\/option><option value=\"Professional Referral\">Professional Referral<\/option><\/select><\/span><\/label>\n<\/p>\n<p><input class=\"wpcf7-form-control wpcf7-submit has-spinner\" type=\"submit\" value=\"Send Message\" \/>\n<\/p><p style=\"display: none !important;\" class=\"akismet-fields-container\" data-prefix=\"_wpcf7_ak_\"><label>&#916;<textarea name=\"_wpcf7_ak_hp_textarea\" cols=\"45\" rows=\"8\" maxlength=\"100\"><\/textarea><\/label><input type=\"hidden\" id=\"ak_js_1\" name=\"_wpcf7_ak_js\" value=\"59\"\/><script>document.getElementById( \"ak_js_1\" ).setAttribute( \"value\", ( new Date() ).getTime() );<\/script><\/p><div class=\"wpcf7-response-output\" aria-hidden=\"true\"><\/div>\n<\/form>\n<\/div>\n[\/vc_column][\/vc_row][\/vc_section][vc_section full_width=&#8221;stretch_row&#8221; el_id=&#8221;sec-local&#8221; css=&#8221;.vc_custom_1592260765084{margin-top: 50px !important;}&#8221;][vc_row full_width=&#8221;stretch_row_content_no_spaces&#8221;][vc_column][vc_separator css=&#8221;.vc_custom_1592260893374{margin-bottom: 50px !important;}&#8221;][\/vc_column][\/vc_row][vc_row css=&#8221;.vc_custom_1592260786298{margin-bottom: 25px !important;}&#8221;][vc_column]<div id=\"ultimate-heading-822369e5c0aa026b2\" class=\"uvc-heading ult-adjust-bottom-margin ultimate-heading-822369e5c0aa026b2 uvc-4831  uvc-heading-default-font-sizes\" data-hspacer=\"no_spacer\"  data-halign=\"center\" style=\"text-align:center\"><div class=\"uvc-heading-spacer no_spacer\" style=\"top\"><\/div><div class=\"uvc-main-heading ult-responsive\"  data-ultimate-target='.uvc-heading.ultimate-heading-822369e5c0aa026b2 h2'  data-responsive-json-new='{\"font-size\":\"\",\"line-height\":\"\"}' ><h2 style=\"--font-weight:theme;margin-bottom:30px;\">Our Location<\/h2><\/div><\/div>[\/vc_column][\/vc_row][vc_row][vc_column width=&#8221;1\/2&#8243;]<div class=\"aio-icon-component    style_1\"><div id=\"Info-box-wrap-1136\" class=\"aio-icon-box left-icon\" style=\"\"  ><div class=\"aio-icon-left\"><div class=\"ult-just-icon-wrapper  \"><div class=\"align-icon\" style=\"text-align:center;\">\n<div class=\"aio-icon advanced \"  style=\"color:#1e344d;background:#ffffff;border-style:solid;border-color:#1e344d;border-width:1px;width:80px;height:80px;line-height:80px;border-radius:500px;font-size:40px;display:inline-block;\">\n\t<i class=\"icomoon-the7-font-the7-map-02\"><\/i>\n<\/div><\/div><\/div><\/div><div class=\"aio-ibd-block\"><div class=\"aio-icon-header\" ><h3 class=\"aio-icon-title ult-responsive\"  data-ultimate-target='#Info-box-wrap-1136 .aio-icon-title'  data-responsive-json-new='{\"font-size\":\"desktop:40px;tablet:40px;tablet_portrait:40px;mobile_landscape:32px;mobile:32px;\",\"line-height\":\"desktop:45px;tablet:45px;tablet_portrait:45px;mobile_landscape:36px;mobile:36px;\"}'  style=\"\">United States<\/h3><\/div> <!-- header --><\/div> <!-- aio-ibd-block --><\/div> <!-- aio-icon-box --><\/div> <!-- aio-icon-component -->[vc_column_text][\/vc_column_text][vc_separator color=&#8221;custom&#8221; style=&#8221;dotted&#8221; accent_color=&#8221;#1e344d&#8221;]<div class=\"aio-icon-component    style_1\"><div id=\"Info-box-wrap-3364\" class=\"aio-icon-box left-icon\" style=\"\"  ><div class=\"aio-icon-left\"><div class=\"ult-just-icon-wrapper  \"><div class=\"align-icon\" style=\"text-align:center;\">\n<div class=\"aio-icon advanced \"  style=\"color:#1e344d;background:#ffffff;border-style:solid;border-color:#1e344d;border-width:1px;width:80px;height:80px;line-height:80px;border-radius:500px;font-size:40px;display:inline-block;\">\n\t<i class=\"icomoon-the7-font-the7-map-02\"><\/i>\n<\/div><\/div><\/div><\/div><div class=\"aio-ibd-block\"><div class=\"aio-icon-header\" ><h3 class=\"aio-icon-title ult-responsive\"  data-ultimate-target='#Info-box-wrap-3364 .aio-icon-title'  data-responsive-json-new='{\"font-size\":\"desktop:40px;tablet:40px;tablet_portrait:40px;mobile_landscape:32px;mobile:32px;\",\"line-height\":\"desktop:45px;tablet:45px;tablet_portrait:45px;mobile_landscape:36px;mobile:36px;\"}'  style=\"\">Mexico<\/h3><\/div> <!-- header --><\/div> <!-- aio-ibd-block --><\/div> <!-- aio-icon-box --><\/div> <!-- aio-icon-component -->[vc_column_text][\/vc_column_text][vc_separator color=&#8221;custom&#8221; style=&#8221;dotted&#8221; accent_color=&#8221;#1e344d&#8221;]<div class=\"aio-icon-component    style_1\"><div id=\"Info-box-wrap-2454\" class=\"aio-icon-box left-icon\" style=\"\"  ><div class=\"aio-icon-left\"><div class=\"ult-just-icon-wrapper  \"><div class=\"align-icon\" style=\"text-align:center;\">\n<div class=\"aio-icon advanced \"  style=\"color:#1e344d;background:#ffffff;border-style:solid;border-color:#1e344d;border-width:1px;width:80px;height:80px;line-height:80px;border-radius:500px;font-size:40px;display:inline-block;\">\n\t<i class=\"icomoon-the7-font-the7-map-02\"><\/i>\n<\/div><\/div><\/div><\/div><div class=\"aio-ibd-block\"><div class=\"aio-icon-header\" ><h3 class=\"aio-icon-title ult-responsive\"  data-ultimate-target='#Info-box-wrap-2454 .aio-icon-title'  data-responsive-json-new='{\"font-size\":\"desktop:40px;tablet:40px;tablet_portrait:40px;mobile_landscape:32px;mobile:32px;\",\"line-height\":\"desktop:45px;tablet:45px;tablet_portrait:45px;mobile_landscape:36px;mobile:36px;\"}'  style=\"\">Brazil<\/h3><\/div> <!-- header --><\/div> <!-- aio-ibd-block --><\/div> <!-- aio-icon-box --><\/div> <!-- aio-icon-component -->[vc_column_text][\/vc_column_text][\/vc_column][vc_column width=&#8221;1\/2&#8243;][vc_single_image image=&#8221;902&#8243; img_size=&#8221;full&#8221; alignment=&#8221;center&#8221; image_hovers=&#8221;false&#8221; lazy_loading=&#8221;true&#8221;][\/vc_column][\/vc_row][\/vc_section]<\/p>\n","protected":false},"excerpt":{"rendered":"<p>[vc_section full_width=&#8221;stretch_row&#8221; el_id=&#8221;sec-form&#8221; css=&#8221;.vc_custom_1592231332156{background-image: url(https:\/\/thegrandeal.com\/wp-content\/uploads\/2020\/06\/bg-contato.jpg?id=81) !important;}&#8221;][vc_row][vc_column width=&#8221;1\/2&#8243;][\/vc_column][vc_column width=&#8221;1\/2&#8243;][\/vc_column][\/vc_row][vc_row css=&#8221;.vc_custom_1592230427024{margin-top: 25px !important;margin-bottom: 25px !important;}&#8221;][vc_column offset=&#8221;vc_col-lg-offset-1 vc_col-lg-10&#8243; css=&#8221;.vc_custom_1592231142168{padding-top: 25px !important;padding-right: 20px !important;padding-bottom:&hellip;<\/p>\n","protected":false},"author":2,"featured_media":0,"parent":0,"menu_order":0,"comment_status":"closed","ping_status":"closed","template":"","meta":{"_acf_changed":false,"_joinchat":[]},"class_list":["post-309","page","type-page","status-publish","hentry","description-off"],"acf":[],"yoast_head":"<!-- This site is optimized with the Yoast SEO plugin v27.4 - https:\/\/yoast.com\/product\/yoast-seo-wordpress\/ -->\n<title>Contact Us - The Grandeal<\/title>\n<meta name=\"robots\" content=\"index, follow, max-snippet:-1, max-image-preview:large, max-video-preview:-1\" \/>\n<link rel=\"canonical\" href=\"https:\/\/thegrandeal.com\/en\/contact-us\/\" \/>\n<meta property=\"og:locale\" content=\"en_US\" \/>\n<meta property=\"og:type\" content=\"article\" \/>\n<meta property=\"og:title\" content=\"Contact Us - The Grandeal\" \/>\n<meta property=\"og:description\" content=\"[vc_section full_width=&#8221;stretch_row&#8221; el_id=&#8221;sec-form&#8221; css=&#8221;.vc_custom_1592231332156{background-image: url(https:\/\/thegrandeal.com\/wp-content\/uploads\/2020\/06\/bg-contato.jpg?id=81) !important;}&#8221;][vc_row][vc_column width=&#8221;1\/2&#8243;][\/vc_column][vc_column width=&#8221;1\/2&#8243;][\/vc_column][\/vc_row][vc_row css=&#8221;.vc_custom_1592230427024{margin-top: 25px !important;margin-bottom: 25px !important;}&#8221;][vc_column offset=&#8221;vc_col-lg-offset-1 vc_col-lg-10&#8243; css=&#8221;.vc_custom_1592231142168{padding-top: 25px !important;padding-right: 20px !important;padding-bottom:&hellip;\" \/>\n<meta property=\"og:url\" content=\"https:\/\/thegrandeal.com\/en\/contact-us\/\" \/>\n<meta property=\"og:site_name\" content=\"The Grandeal\" \/>\n<meta property=\"article:modified_time\" content=\"2020-10-06T16:12:31+00:00\" \/>\n<meta name=\"twitter:card\" content=\"summary_large_image\" \/>\n<meta name=\"twitter:label1\" content=\"Est. reading time\" \/>\n\t<meta name=\"twitter:data1\" content=\"3 minutes\" \/>\n<script type=\"application\/ld+json\" class=\"yoast-schema-graph\">{\"@context\":\"https:\\\/\\\/schema.org\",\"@graph\":[{\"@type\":\"WebPage\",\"@id\":\"https:\\\/\\\/thegrandeal.com\\\/en\\\/contact-us\\\/\",\"url\":\"https:\\\/\\\/thegrandeal.com\\\/en\\\/contact-us\\\/\",\"name\":\"Contact Us - The Grandeal\",\"isPartOf\":{\"@id\":\"https:\\\/\\\/thegrandeal.com\\\/#website\"},\"datePublished\":\"2020-06-19T22:24:11+00:00\",\"dateModified\":\"2020-10-06T16:12:31+00:00\",\"breadcrumb\":{\"@id\":\"https:\\\/\\\/thegrandeal.com\\\/en\\\/contact-us\\\/#breadcrumb\"},\"inLanguage\":\"en-US\",\"potentialAction\":[{\"@type\":\"ReadAction\",\"target\":[\"https:\\\/\\\/thegrandeal.com\\\/en\\\/contact-us\\\/\"]}]},{\"@type\":\"BreadcrumbList\",\"@id\":\"https:\\\/\\\/thegrandeal.com\\\/en\\\/contact-us\\\/#breadcrumb\",\"itemListElement\":[{\"@type\":\"ListItem\",\"position\":1,\"name\":\"In\u00edcio\",\"item\":\"https:\\\/\\\/thegrandeal.com\\\/en\\\/\"},{\"@type\":\"ListItem\",\"position\":2,\"name\":\"Contact Us\"}]},{\"@type\":\"WebSite\",\"@id\":\"https:\\\/\\\/thegrandeal.com\\\/#website\",\"url\":\"https:\\\/\\\/thegrandeal.com\\\/\",\"name\":\"The Grandeal\",\"description\":\"Internacionaliza\u00e7\u00e3o de Empresas para o M\u00e9xico e os Estados Unidos\",\"potentialAction\":[{\"@type\":\"SearchAction\",\"target\":{\"@type\":\"EntryPoint\",\"urlTemplate\":\"https:\\\/\\\/thegrandeal.com\\\/?s={search_term_string}\"},\"query-input\":{\"@type\":\"PropertyValueSpecification\",\"valueRequired\":true,\"valueName\":\"search_term_string\"}}],\"inLanguage\":\"en-US\"}]}<\/script>\n<!-- \/ Yoast SEO plugin. -->","yoast_head_json":{"title":"Contact Us - The Grandeal","robots":{"index":"index","follow":"follow","max-snippet":"max-snippet:-1","max-image-preview":"max-image-preview:large","max-video-preview":"max-video-preview:-1"},"canonical":"https:\/\/thegrandeal.com\/en\/contact-us\/","og_locale":"en_US","og_type":"article","og_title":"Contact Us - The Grandeal","og_description":"[vc_section full_width=&#8221;stretch_row&#8221; el_id=&#8221;sec-form&#8221; css=&#8221;.vc_custom_1592231332156{background-image: url(https:\/\/thegrandeal.com\/wp-content\/uploads\/2020\/06\/bg-contato.jpg?id=81) !important;}&#8221;][vc_row][vc_column width=&#8221;1\/2&#8243;][\/vc_column][vc_column width=&#8221;1\/2&#8243;][\/vc_column][\/vc_row][vc_row css=&#8221;.vc_custom_1592230427024{margin-top: 25px !important;margin-bottom: 25px !important;}&#8221;][vc_column offset=&#8221;vc_col-lg-offset-1 vc_col-lg-10&#8243; css=&#8221;.vc_custom_1592231142168{padding-top: 25px !important;padding-right: 20px !important;padding-bottom:&hellip;","og_url":"https:\/\/thegrandeal.com\/en\/contact-us\/","og_site_name":"The Grandeal","article_modified_time":"2020-10-06T16:12:31+00:00","twitter_card":"summary_large_image","twitter_misc":{"Est. reading time":"3 minutes"},"schema":{"@context":"https:\/\/schema.org","@graph":[{"@type":"WebPage","@id":"https:\/\/thegrandeal.com\/en\/contact-us\/","url":"https:\/\/thegrandeal.com\/en\/contact-us\/","name":"Contact Us - The Grandeal","isPartOf":{"@id":"https:\/\/thegrandeal.com\/#website"},"datePublished":"2020-06-19T22:24:11+00:00","dateModified":"2020-10-06T16:12:31+00:00","breadcrumb":{"@id":"https:\/\/thegrandeal.com\/en\/contact-us\/#breadcrumb"},"inLanguage":"en-US","potentialAction":[{"@type":"ReadAction","target":["https:\/\/thegrandeal.com\/en\/contact-us\/"]}]},{"@type":"BreadcrumbList","@id":"https:\/\/thegrandeal.com\/en\/contact-us\/#breadcrumb","itemListElement":[{"@type":"ListItem","position":1,"name":"In\u00edcio","item":"https:\/\/thegrandeal.com\/en\/"},{"@type":"ListItem","position":2,"name":"Contact Us"}]},{"@type":"WebSite","@id":"https:\/\/thegrandeal.com\/#website","url":"https:\/\/thegrandeal.com\/","name":"The Grandeal","description":"Internacionaliza\u00e7\u00e3o de Empresas para o M\u00e9xico e os Estados Unidos","potentialAction":[{"@type":"SearchAction","target":{"@type":"EntryPoint","urlTemplate":"https:\/\/thegrandeal.com\/?s={search_term_string}"},"query-input":{"@type":"PropertyValueSpecification","valueRequired":true,"valueName":"search_term_string"}}],"inLanguage":"en-US"}]}},"_links":{"self":[{"href":"https:\/\/thegrandeal.com\/en\/wp-json\/wp\/v2\/pages\/309","targetHints":{"allow":["GET"]}}],"collection":[{"href":"https:\/\/thegrandeal.com\/en\/wp-json\/wp\/v2\/pages"}],"about":[{"href":"https:\/\/thegrandeal.com\/en\/wp-json\/wp\/v2\/types\/page"}],"author":[{"embeddable":true,"href":"https:\/\/thegrandeal.com\/en\/wp-json\/wp\/v2\/users\/2"}],"replies":[{"embeddable":true,"href":"https:\/\/thegrandeal.com\/en\/wp-json\/wp\/v2\/comments?post=309"}],"version-history":[{"count":0,"href":"https:\/\/thegrandeal.com\/en\/wp-json\/wp\/v2\/pages\/309\/revisions"}],"wp:attachment":[{"href":"https:\/\/thegrandeal.com\/en\/wp-json\/wp\/v2\/media?parent=309"}],"curies":[{"name":"wp","href":"https:\/\/api.w.org\/{rel}","templated":true}]}}